{"id":19,"date":"2011-05-30T10:49:56","date_gmt":"2011-05-30T09:49:56","guid":{"rendered":"http:\/\/www.arpacm.com\/?page_id=19"},"modified":"2013-05-15T12:12:05","modified_gmt":"2013-05-15T11:12:05","slug":"que-hacemos","status":"publish","type":"page","link":"https:\/\/www.arpacm.com\/?page_id=19","title":{"rendered":"Qu\u00e9 hacemos"},"content":{"rendered":"<h3>Perfil de la empresa<\/h3>\n<p>Diez a\u00f1os de intensa  investigaci\u00f3n en el campo de la construcci\u00f3n modular, durante los cuales <strong>ARPA Construcci\u00f3n Modular<\/strong> ha venido  analizando los problemas y situaciones reales existentes en el mercado  Internacional, han dado como resultado que nuestra Empresa haya conseguido  desarrollar un nuevo concepto para la construcci\u00f3n de Edificios Modulares  (nuestro sistema est\u00e1 patentado).<\/p>\n<p>En un principio el objeto  fundamental y casi \u00fanico de nuestra Empresa, ha sido ayudar a los pa\u00edses en  v\u00edas de desarrollo, ofreci\u00e9ndoles una soluci\u00f3n a sus proyectos sociales en el  \u00e1mbito de la vivienda.<\/p>\n<p>A partir de este punto y  teniendo la vivienda social como objetivo prioritario ARPA Construcci\u00f3n Modular  ha cumplido con sus objetivos, ofreciendo distintas soluciones, que basadas en  nuestro sistema de construcci\u00f3n modular, abarcan un gran abanico de  posibilidades siendo capaces de satisfacer las necesidades de nuestros  clientes.<\/p>\n<ul>\n<li>Vivienda  social.<\/li>\n<li>Centros  de salud, ambulatorios y policl\u00ednicas.<\/li>\n<li>Escuelas,  universidades y centros de formaci\u00f3n.<\/li>\n<li>Colegios  de verano.<\/li>\n<li>Viviendas  de recreo.<\/li>\n<li>Albergues  temporales o definitivos.<\/li>\n<li>Almacenes.<\/li>\n<li>Oficinas.<\/li>\n<li>Y en  general un largo etc\u00e9tera atendiendo a las necesidades del cliente.<\/li>\n<\/ul>\n<h3>Sistema constructivo<\/h3>\n<p>El sistema constructivo patentado que implanta <strong>ARPA  CONSTRUCCION MODULAR<\/strong>, esta basado en la uni\u00f3n de paneles s\u00e1ndwich autoportantes  unidos entre si y, unidos al suelo, mediante unas gu\u00edas de acero galvanizado  que se fijan a este mediante tornillos pasantes.<\/p>\n<p>Esto hace que la construcci\u00f3n forme un todo compacto, que no  necesita estructura de ning\u00fan tipo para mantenerse en pie.<\/p>\n<p>Con estas caracter\u00edsticas, lo que finalmente obtenemos es una  edificaci\u00f3n segura, f\u00e1cil de instalar y sobre todo RAPIDA de montar, lo que  nos permite hacer frente a problemas habitacionales que puedan surgir, en unos  plazos de tiempo dif\u00edciles de alcanzar por ning\u00fan otro sistema constructivo  actualmente en el mercado y a unos precios muy competitivos.<\/p>\n","protected":false},"excerpt":{"rendered":"<p>Perfil de la empresa Diez a\u00f1os de intensa investigaci\u00f3n en el campo de la construcci\u00f3n modular, durante los cuales ARPA Construcci\u00f3n Modular ha venido analizando los problemas y situaciones reales existentes en el mercado Internacional, han dado como resultado que nuestra Empresa haya conseguido desarrollar un nuevo concepto para la construcci\u00f3n de Edificios Modulares (nuestro [&hellip;]<\/p>\n","protected":false},"author":1,"featured_media":0,"parent":0,"menu_order":0,"comment_status":"closed","ping_status":"closed","template":"page_que_hacemos.php","meta":{"ngg_post_thumbnail":0,"footnotes":""},"class_list":["post-19","page","type-page","status-publish","hentry"],"_links":{"self":[{"href":"https:\/\/www.arpacm.com\/index.php?rest_route=\/wp\/v2\/pages\/19","targetHints":{"allow":["GET"]}}],"collection":[{"href":"https:\/\/www.arpacm.com\/index.php?rest_route=\/wp\/v2\/pages"}],"about":[{"href":"https:\/\/www.arpacm.com\/index.php?rest_route=\/wp\/v2\/types\/page"}],"author":[{"embeddable":true,"href":"https:\/\/www.arpacm.com\/index.php?rest_route=\/wp\/v2\/users\/1"}],"replies":[{"embeddable":true,"href":"https:\/\/www.arpacm.com\/index.php?rest_route=%2Fwp%2Fv2%2Fcomments&post=19"}],"version-history":[{"count":5,"href":"https:\/\/www.arpacm.com\/index.php?rest_route=\/wp\/v2\/pages\/19\/revisions"}],"predecessor-version":[{"id":735,"href":"https:\/\/www.arpacm.com\/index.php?rest_route=\/wp\/v2\/pages\/19\/revisions\/735"}],"wp:attachment":[{"href":"https:\/\/www.arpacm.com\/index.php?rest_route=%2Fwp%2Fv2%2Fmedia&parent=19"}],"curies":[{"name":"wp","href":"https:\/\/api.w.org\/{rel}","templated":true}]}}