{"id":34,"date":"2011-05-30T11:13:26","date_gmt":"2011-05-30T10:13:26","guid":{"rendered":"http:\/\/www.arpacm.com\/?page_id=34"},"modified":"2012-05-08T11:18:19","modified_gmt":"2012-05-08T10:18:19","slug":"sectores-de-aplicacion","status":"publish","type":"page","link":"https:\/\/www.arpacm.com\/?page_id=34","title":{"rendered":"Sectores de aplicaci\u00f3n"},"content":{"rendered":"<p>Vivienda social<br \/>\nEste es un texto descriptivo del proyecto llevado a cabo por ARPA Construcci\u00f3n Modular en Calanda para acondicionar las instalaciones donde lorem ipsum dolor sit amet<\/p>\n<p>Educaci\u00f3n<br \/>\nEste es un texto descriptivo del proyecto llevado a cabo por ARPA Construcci\u00f3n Modular en Calanda para acondicionar las instalaciones donde lorem ipsum dolor sit amet<\/p>\n<p>Salud<br \/>\nEste es un texto descriptivo del proyecto llevado a cabo por ARPA Construcci\u00f3n Modular en Calanda para acondicionar las instalaciones donde lorem ipsum dolor sit amet<\/p>\n<p>Campamentos<br \/>\nEste es un texto descriptivo del proyecto llevado a cabo por ARPA Construcci\u00f3n Modular en Calanda para acondicionar las instalaciones donde lorem ipsum dolor sit amet<\/p>\n","protected":false},"excerpt":{"rendered":"<p>Vivienda social Este es un texto descriptivo del proyecto llevado a cabo por ARPA Construcci\u00f3n Modular en Calanda para acondicionar las instalaciones donde lorem ipsum dolor sit amet Educaci\u00f3n Este es un texto descriptivo del proyecto llevado a cabo por ARPA Construcci\u00f3n Modular en Calanda para acondicionar las instalaciones donde lorem ipsum dolor sit amet [&hellip;]<\/p>\n","protected":false},"author":1,"featured_media":0,"parent":0,"menu_order":0,"comment_status":"open","ping_status":"open","template":"page_sectores_de_aplicacion.php","meta":{"ngg_post_thumbnail":0,"footnotes":""},"class_list":["post-34","page","type-page","status-publish","hentry"],"_links":{"self":[{"href":"https:\/\/www.arpacm.com\/index.php?rest_route=\/wp\/v2\/pages\/34","targetHints":{"allow":["GET"]}}],"collection":[{"href":"https:\/\/www.arpacm.com\/index.php?rest_route=\/wp\/v2\/pages"}],"about":[{"href":"https:\/\/www.arpacm.com\/index.php?rest_route=\/wp\/v2\/types\/page"}],"author":[{"embeddable":true,"href":"https:\/\/www.arpacm.com\/index.php?rest_route=\/wp\/v2\/users\/1"}],"replies":[{"embeddable":true,"href":"https:\/\/www.arpacm.com\/index.php?rest_route=%2Fwp%2Fv2%2Fcomments&post=34"}],"version-history":[{"count":4,"href":"https:\/\/www.arpacm.com\/index.php?rest_route=\/wp\/v2\/pages\/34\/revisions"}],"predecessor-version":[{"id":476,"href":"https:\/\/www.arpacm.com\/index.php?rest_route=\/wp\/v2\/pages\/34\/revisions\/476"}],"wp:attachment":[{"href":"https:\/\/www.arpacm.com\/index.php?rest_route=%2Fwp%2Fv2%2Fmedia&parent=34"}],"curies":[{"name":"wp","href":"https:\/\/api.w.org\/{rel}","templated":true}]}}